{"id":33281,"date":"2025-07-09T16:46:53","date_gmt":"2025-07-09T16:46:53","guid":{"rendered":"https:\/\/megalicdb.rs\/?post_type=product&#038;p=33281"},"modified":"2025-07-09T16:46:53","modified_gmt":"2025-07-09T16:46:53","slug":"dobili-ste-sema-dastin-tao","status":"publish","type":"product","link":"https:\/\/megalicdb.rs\/?product=dobili-ste-sema-dastin-tao","title":{"rendered":"Dobili ste Sema Dastin Tao"},"content":{"rendered":"<p>TikTok senzacija<br \/>\nBestseler broj 1 Njujork tajmsa<br \/>\nNaji\u0161\u010dekivanija knjiga godine po izboru sajta Goodreads<\/p>\n<p>D\u017euli je ve\u0107 isplanirala svoju budu\u0107nost: napusti\u0107e gradi\u0107 u kojem je odrasla, zajedno sa svojim de\u010dkom Semom. \u010ceka ih koled\u017e, ali pre toga planiraju da provedu \u010darobno leto u Japanu. A onda se u trenu sve menja. Sema vi\u0161e nema. Tuga navire sa ru\u0161ila\u010dkom snagom, a D\u017euli daje sve od sebe da zale\u010di duboke rane na srcu kako jedino ume.<br \/>\nBaca sve stvari koje je podse\u0107aju na Sema, \u010dini sve da ga zaboravi. Ali kada u godi\u0161njaku prona\u0111e poruku koju joj je Sem ostavio, uspomene se vra\u0107aju na povr\u0161inu.<br \/>\nNadaju\u0107i se da \u0107e \u010duti njegov glas barem na snimku govorne po\u0161te, ona bira njegov broj. A Sem se javlja.<br \/>\nSada kad joj je sudbina dala drugu priliku da se oprosti sa njim, D\u017euli shvata da vi\u0161e ne mo\u017ee bez njegovog glasa. I sa svakim pozivom, sve joj je te\u017ee da ka\u017ee zbogom. Zar je toliko pogre\u0161no \u0161to ne \u017eeli da se odrekne nemogu\u0107e ljubavi?<\/p>\n<p>Roman prepun emocija, pri\u010da o ljubavi i gubitku vredna svake suze koju \u0107ete proliti.<\/p>\n<p>\u201eZapanjuju\u0107e izuzetan debitantski roman. Prelepo.\u201c \u2013 D\u017eulijan Vinters<\/p>\n","protected":false},"excerpt":{"rendered":"<p>TikTok senzacija Bestseler broj 1 Njujork tajmsa Naji\u0161\u010dekivanija knjiga godine po izboru sajta Goodreads D\u017euli je ve\u0107 isplanirala svoju budu\u0107nost:<\/p>\n","protected":false},"featured_media":33282,"comment_status":"open","ping_status":"closed","template":"","meta":[],"product_brand":[],"product_cat":[411,416,324],"product_tag":[],"class_list":{"0":"post-33281","1":"product","2":"type-product","3":"status-publish","4":"has-post-thumbnail","6":"product_cat-akcija","7":"product_cat-beletristika","8":"product_cat-knjige","10":"first","11":"instock","12":"sale","13":"taxable","14":"shipping-taxable","15":"purchasable","16":"product-type-simple"},"aioseo_notices":[],"_links":{"self":[{"href":"https:\/\/megalicdb.rs\/index.php?rest_route=\/wp\/v2\/product\/33281","targetHints":{"allow":["GET"]}}],"collection":[{"href":"https:\/\/megalicdb.rs\/index.php?rest_route=\/wp\/v2\/product"}],"about":[{"href":"https:\/\/megalicdb.rs\/index.php?rest_route=\/wp\/v2\/types\/product"}],"replies":[{"embeddable":true,"href":"https:\/\/megalicdb.rs\/index.php?rest_route=%2Fwp%2Fv2%2Fcomments&post=33281"}],"version-history":[{"count":1,"href":"https:\/\/megalicdb.rs\/index.php?rest_route=\/wp\/v2\/product\/33281\/revisions"}],"predecessor-version":[{"id":33283,"href":"https:\/\/megalicdb.rs\/index.php?rest_route=\/wp\/v2\/product\/33281\/revisions\/33283"}],"wp:featuredmedia":[{"embeddable":true,"href":"https:\/\/megalicdb.rs\/index.php?rest_route=\/wp\/v2\/media\/33282"}],"wp:attachment":[{"href":"https:\/\/megalicdb.rs\/index.php?rest_route=%2Fwp%2Fv2%2Fmedia&parent=33281"}],"wp:term":[{"taxonomy":"product_brand","embeddable":true,"href":"https:\/\/megalicdb.rs\/index.php?rest_route=%2Fwp%2Fv2%2Fproduct_brand&post=33281"},{"taxonomy":"product_cat","embeddable":true,"href":"https:\/\/megalicdb.rs\/index.php?rest_route=%2Fwp%2Fv2%2Fproduct_cat&post=33281"},{"taxonomy":"product_tag","embeddable":true,"href":"https:\/\/megalicdb.rs\/index.php?rest_route=%2Fwp%2Fv2%2Fproduct_tag&post=33281"}],"curies":[{"name":"wp","href":"https:\/\/api.w.org\/{rel}","templated":true}]}}