{"id":33284,"date":"2025-07-09T16:48:46","date_gmt":"2025-07-09T16:48:46","guid":{"rendered":"https:\/\/megalicdb.rs\/?post_type=product&#038;p=33284"},"modified":"2025-11-24T09:40:53","modified_gmt":"2025-11-24T09:40:53","slug":"druga-obala-bosfora-tereza-revaj","status":"publish","type":"product","link":"https:\/\/megalicdb.rs\/?product=druga-obala-bosfora-tereza-revaj","title":{"rendered":"Druga obala Bosfora Tereza Revaj"},"content":{"rendered":"<p>Ljubavna pri\u010da izme\u0111u istoka i zapada.U svetlu revolucije i u praskozorje modernog sveta, nova Turska izranja iz pepela nekada\u0161nje otomanske rasko\u0161i, a jedna mlada \u017eena otkriva dah nezavisnosti i slobode.Istanbul, novembar 1918. godine. Bajkoviti grad nalazi se pod \u017eestokom okupacijom saveznika, pobednika Velikog rata. Na obalama Bosfora, izme\u0111u istoka i zapada, name\u0107u se bolni izbori.Lejla je mlada supruga sekretara sultana Mehmeda VI. Njena svekrva, \u010cerkeskinja, primorava je da po\u0161tuje tradicionalne obi\u010daje, ali kada se u njihovu ku\u0107u useli francuski oficir i njegova porodica, \u017eivot ure\u0111en po strogim pravilima razbija se u sitne komade. S druge strane, kapetan fregate Luj Gardel ne mo\u017ee da se odupre opojnim isku\u0161enjima kosmopolitskog grada koji vrvi od belih Rusa, pobeglih pred naletom bolj\u0161evi\u010dke revolucije. Za Turke koji se opiru razbijanju zemlje, kucnuo je \u010das otpora. Lejla se anga\u017euje u borbi uprkos strahu od nepoznatog, a susret sa Hansom Kestnerom, arheologom iz Berlina odanim Mustafi Kemalu, uzdrma\u0107e njen \u017eivot. Pobunjena Anadolija tada postaje dekor strasne zabranjene ljubavi.<\/p>\n","protected":false},"excerpt":{"rendered":"<p>Ljubavna pri\u010da izme\u0111u istoka i zapada.U svetlu revolucije i u praskozorje modernog sveta, nova Turska izranja iz pepela nekada\u0161nje otomanske<\/p>\n","protected":false},"featured_media":33285,"comment_status":"open","ping_status":"closed","template":"","meta":[],"product_brand":[],"product_cat":[411,416,324],"product_tag":[],"class_list":{"0":"post-33284","1":"product","2":"type-product","3":"status-publish","4":"has-post-thumbnail","6":"product_cat-akcija","7":"product_cat-beletristika","8":"product_cat-knjige","10":"first","11":"outofstock","12":"sale","13":"taxable","14":"shipping-taxable","15":"purchasable","16":"product-type-simple"},"aioseo_notices":[],"_links":{"self":[{"href":"https:\/\/megalicdb.rs\/index.php?rest_route=\/wp\/v2\/product\/33284","targetHints":{"allow":["GET"]}}],"collection":[{"href":"https:\/\/megalicdb.rs\/index.php?rest_route=\/wp\/v2\/product"}],"about":[{"href":"https:\/\/megalicdb.rs\/index.php?rest_route=\/wp\/v2\/types\/product"}],"replies":[{"embeddable":true,"href":"https:\/\/megalicdb.rs\/index.php?rest_route=%2Fwp%2Fv2%2Fcomments&post=33284"}],"version-history":[{"count":1,"href":"https:\/\/megalicdb.rs\/index.php?rest_route=\/wp\/v2\/product\/33284\/revisions"}],"predecessor-version":[{"id":33286,"href":"https:\/\/megalicdb.rs\/index.php?rest_route=\/wp\/v2\/product\/33284\/revisions\/33286"}],"wp:featuredmedia":[{"embeddable":true,"href":"https:\/\/megalicdb.rs\/index.php?rest_route=\/wp\/v2\/media\/33285"}],"wp:attachment":[{"href":"https:\/\/megalicdb.rs\/index.php?rest_route=%2Fwp%2Fv2%2Fmedia&parent=33284"}],"wp:term":[{"taxonomy":"product_brand","embeddable":true,"href":"https:\/\/megalicdb.rs\/index.php?rest_route=%2Fwp%2Fv2%2Fproduct_brand&post=33284"},{"taxonomy":"product_cat","embeddable":true,"href":"https:\/\/megalicdb.rs\/index.php?rest_route=%2Fwp%2Fv2%2Fproduct_cat&post=33284"},{"taxonomy":"product_tag","embeddable":true,"href":"https:\/\/megalicdb.rs\/index.php?rest_route=%2Fwp%2Fv2%2Fproduct_tag&post=33284"}],"curies":[{"name":"wp","href":"https:\/\/api.w.org\/{rel}","templated":true}]}}