{"id":33287,"date":"2025-07-09T16:50:36","date_gmt":"2025-07-09T16:50:36","guid":{"rendered":"https:\/\/megalicdb.rs\/?post_type=product&#038;p=33287"},"modified":"2025-07-09T16:50:36","modified_gmt":"2025-07-09T16:50:36","slug":"hiljadu-njegovih-poljubaca-tili-kol","status":"publish","type":"product","link":"https:\/\/megalicdb.rs\/?product=hiljadu-njegovih-poljubaca-tili-kol","title":{"rendered":"Hiljadu njegovih poljubaca Tili Kol"},"content":{"rendered":"<p>I OD TOG DANA, TO SMO BILI POPI I JA. NAJBOLJI PRIJATELJI ZAUVEK.<\/p>\n<p>Poljubac traje samo trenutak. A hiljadu poljubaca je za ceo \u017eivot. Jedan momak. Jedna devojka. Povezanost koja je nastala u trenu i ve\u010dna je. Ljubav koju ni vreme ni razdaljina ne mogu da slome. Ljubav koja nema kraja, ili tako bar oni veruju.<\/p>\n<p>BAR SAM TAKO MISLIO. SME\u0160NO JE KAKO SE SVE MENJA.<\/p>\n<p>Kada se sedamnaestogodi\u0161nji Rune Kristijansen vratio iz Norve\u0161ke u uspavani gradi\u0107 Blosom Grouv u D\u017eord\u017eiji, razmi\u0161lja o susretu sa drugaricom iz detinjstva Popi Li\u010dfild. Njihov prvi susret nakon mnogo godina nije pro\u0161ao kako je Rune o\u010dekivao, postali su dva stranca koji ne mogu jedno drugom ni\u0161ta da ka\u017eu. Za\u0161to mu je Popi, koja je nekada imala polovinu njegovog srca uz obe\u0107anje da \u0107e ga verno \u010dekati da se vrati, okrenula le\u0111a bez ijedne re\u010di obja\u0161njenja.<\/p>\n<p>Njeno \u0107utanje slomilo mu je srce. Mo\u017ee li ga ponovo sastaviti?<\/p>\n","protected":false},"excerpt":{"rendered":"<p>I OD TOG DANA, TO SMO BILI POPI I JA. NAJBOLJI PRIJATELJI ZAUVEK. Poljubac traje samo trenutak. A hiljadu poljubaca<\/p>\n","protected":false},"featured_media":33288,"comment_status":"open","ping_status":"closed","template":"","meta":[],"product_brand":[],"product_cat":[411,416,324],"product_tag":[],"class_list":{"0":"post-33287","1":"product","2":"type-product","3":"status-publish","4":"has-post-thumbnail","6":"product_cat-akcija","7":"product_cat-beletristika","8":"product_cat-knjige","10":"first","11":"instock","12":"sale","13":"taxable","14":"shipping-taxable","15":"purchasable","16":"product-type-simple"},"aioseo_notices":[],"_links":{"self":[{"href":"https:\/\/megalicdb.rs\/index.php?rest_route=\/wp\/v2\/product\/33287","targetHints":{"allow":["GET"]}}],"collection":[{"href":"https:\/\/megalicdb.rs\/index.php?rest_route=\/wp\/v2\/product"}],"about":[{"href":"https:\/\/megalicdb.rs\/index.php?rest_route=\/wp\/v2\/types\/product"}],"replies":[{"embeddable":true,"href":"https:\/\/megalicdb.rs\/index.php?rest_route=%2Fwp%2Fv2%2Fcomments&post=33287"}],"version-history":[{"count":1,"href":"https:\/\/megalicdb.rs\/index.php?rest_route=\/wp\/v2\/product\/33287\/revisions"}],"predecessor-version":[{"id":33289,"href":"https:\/\/megalicdb.rs\/index.php?rest_route=\/wp\/v2\/product\/33287\/revisions\/33289"}],"wp:featuredmedia":[{"embeddable":true,"href":"https:\/\/megalicdb.rs\/index.php?rest_route=\/wp\/v2\/media\/33288"}],"wp:attachment":[{"href":"https:\/\/megalicdb.rs\/index.php?rest_route=%2Fwp%2Fv2%2Fmedia&parent=33287"}],"wp:term":[{"taxonomy":"product_brand","embeddable":true,"href":"https:\/\/megalicdb.rs\/index.php?rest_route=%2Fwp%2Fv2%2Fproduct_brand&post=33287"},{"taxonomy":"product_cat","embeddable":true,"href":"https:\/\/megalicdb.rs\/index.php?rest_route=%2Fwp%2Fv2%2Fproduct_cat&post=33287"},{"taxonomy":"product_tag","embeddable":true,"href":"https:\/\/megalicdb.rs\/index.php?rest_route=%2Fwp%2Fv2%2Fproduct_tag&post=33287"}],"curies":[{"name":"wp","href":"https:\/\/api.w.org\/{rel}","templated":true}]}}