{"id":33303,"date":"2025-07-10T06:26:21","date_gmt":"2025-07-10T06:26:21","guid":{"rendered":"https:\/\/megalicdb.rs\/?post_type=product&#038;p=33303"},"modified":"2025-11-24T11:17:18","modified_gmt":"2025-11-24T11:17:18","slug":"tea-sisterke-potera-na-ledu-tea-stilton","status":"publish","type":"product","link":"https:\/\/megalicdb.rs\/?product=tea-sisterke-potera-na-ledu-tea-stilton","title":{"rendered":"Tea Sisterke: Potera na ledu Tea Stilton"},"content":{"rendered":"<p>\u0106AO, MI SMO TEA SISTERKE! STUDIRAMO NA MI\u0160FORDU I VOLIMO AVANTURE I MISTERIJE! MI SMO NAJBOLjE DRUGARICE, \u010cAK I VI\u0160E OD TOGA\u2026 MI SMO KAO SESTRE!<\/p>\n<p>\u010cuveni pisac kriminalisti\u010dkih romana je nestao! Tra\u017ei\u0107emo ga \u0161irom prelepog Islanda i rekonstruisati radnju njegovog romana.<\/p>\n<p>Da li volite putovanja, pustolovine i misterije? Ako je va\u0161 odgovor potvrdan, pridru\u017eite se Tea sisterkama: sa njima \u0107ete istra\u017eivati nove i fascinantne zemlje\u2026 i ne samo to! Osim \u0161to \u0107ete otkriti da pet devojaka obo\u017eava da putuje, sazna\u0107ete da one jo\u0161 vi\u0161e vole da poma\u017eu prijateljima u nevolji, istra\u017euju misteriozne slu\u010dajeve i re\u0161avaju \u010dak i najkomplikovanije zagonetke! Zajedno \u0107ete do\u017eiveti avanture koje oduzimaju dah!<\/p>\n","protected":false},"excerpt":{"rendered":"<p>\u0106AO, MI SMO TEA SISTERKE! STUDIRAMO NA MI\u0160FORDU I VOLIMO AVANTURE I MISTERIJE! MI SMO NAJBOLjE DRUGARICE, \u010cAK I VI\u0160E<\/p>\n","protected":false},"featured_media":33304,"comment_status":"open","ping_status":"closed","template":"","meta":[],"product_brand":[],"product_cat":[411,324,343],"product_tag":[],"class_list":{"0":"post-33303","1":"product","2":"type-product","3":"status-publish","4":"has-post-thumbnail","6":"product_cat-akcija","7":"product_cat-knjige","8":"product_cat-knjizevnost-za-decu","10":"first","11":"outofstock","12":"sale","13":"taxable","14":"shipping-taxable","15":"purchasable","16":"product-type-simple"},"aioseo_notices":[],"_links":{"self":[{"href":"https:\/\/megalicdb.rs\/index.php?rest_route=\/wp\/v2\/product\/33303","targetHints":{"allow":["GET"]}}],"collection":[{"href":"https:\/\/megalicdb.rs\/index.php?rest_route=\/wp\/v2\/product"}],"about":[{"href":"https:\/\/megalicdb.rs\/index.php?rest_route=\/wp\/v2\/types\/product"}],"replies":[{"embeddable":true,"href":"https:\/\/megalicdb.rs\/index.php?rest_route=%2Fwp%2Fv2%2Fcomments&post=33303"}],"version-history":[{"count":1,"href":"https:\/\/megalicdb.rs\/index.php?rest_route=\/wp\/v2\/product\/33303\/revisions"}],"predecessor-version":[{"id":33305,"href":"https:\/\/megalicdb.rs\/index.php?rest_route=\/wp\/v2\/product\/33303\/revisions\/33305"}],"wp:featuredmedia":[{"embeddable":true,"href":"https:\/\/megalicdb.rs\/index.php?rest_route=\/wp\/v2\/media\/33304"}],"wp:attachment":[{"href":"https:\/\/megalicdb.rs\/index.php?rest_route=%2Fwp%2Fv2%2Fmedia&parent=33303"}],"wp:term":[{"taxonomy":"product_brand","embeddable":true,"href":"https:\/\/megalicdb.rs\/index.php?rest_route=%2Fwp%2Fv2%2Fproduct_brand&post=33303"},{"taxonomy":"product_cat","embeddable":true,"href":"https:\/\/megalicdb.rs\/index.php?rest_route=%2Fwp%2Fv2%2Fproduct_cat&post=33303"},{"taxonomy":"product_tag","embeddable":true,"href":"https:\/\/megalicdb.rs\/index.php?rest_route=%2Fwp%2Fv2%2Fproduct_tag&post=33303"}],"curies":[{"name":"wp","href":"https:\/\/api.w.org\/{rel}","templated":true}]}}