{"id":33306,"date":"2025-07-10T06:28:26","date_gmt":"2025-07-10T06:28:26","guid":{"rendered":"https:\/\/megalicdb.rs\/?post_type=product&#038;p=33306"},"modified":"2025-07-10T06:28:26","modified_gmt":"2025-07-10T06:28:26","slug":"dejvid-koperfild-carls-dikens","status":"publish","type":"product","link":"https:\/\/megalicdb.rs\/?product=dejvid-koperfild-carls-dikens","title":{"rendered":"Dejvid Koperfild \u010carls Dikens"},"content":{"rendered":"<p>Dejvid Koperfild je obrazovni roman \u010carlsa Dikensa i ujedno jedno od njegovih najpoznatijih literarnih ostvarenja. Nakon \u0161to je objavljivan u nastavcima, roman je ugledao svetlost dana 1850. godine. Skoro dva veka kasnije, ova pri\u010da o odrastanju i \u017eivotinim neda\u0107ama glavnog junaka i danas dopire do srca \u010ditalaca \u0161irom sveta.<\/p>\n<p>Po motivima iz svog \u017eivota, \u010carls Dikens pi\u0161e pri\u010du o de\u010daku Dejvidu Koperfildu i prati njegov \u017eivot od ro\u0111enja do zrelog doba. Pripovedanje u prvom licu pribli\u017eava \u010ditaocima junakove dogodov\u0161tine i \u017eivotna previranja. Sve \u017eivotne faze junaka su ispra\u0107ene usponima i padovima, neo\u010dekivanim gubicima i surovim obrtima. Ipak, Dejvid Koperfild iznova u sebi pronalazi ljubav prema \u017eivotu i volju za napretkom.<\/p>\n<p>U britke re\u010denice ovog romana pisac je upleo i sliku celokupnog engleskog dru\u0161tva viktorijanskog doba. Kako se pojedinac snalazi u takvom dru\u0161tvu i da li je odnos dru\u0161tva i pojedinca druga\u010diji u svakom novom vremenu? Zasigurno, Dejvid Koperfild je klasik u kom \u0107e \u010ditala\u010dki u\u017eitak prona\u0107i sve generacije \u2013 od najmla\u0111ih \u010ditalaca, koji se mogu poistovetiti sa junakom, do onih najstarijih, koji se rado se\u0107aju svog detinjstva.<\/p>\n","protected":false},"excerpt":{"rendered":"<p>Dejvid Koperfild je obrazovni roman \u010carlsa Dikensa i ujedno jedno od njegovih najpoznatijih literarnih ostvarenja. Nakon \u0161to je objavljivan u<\/p>\n","protected":false},"featured_media":33307,"comment_status":"open","ping_status":"closed","template":"","meta":[],"product_brand":[],"product_cat":[411,416,324],"product_tag":[],"class_list":{"0":"post-33306","1":"product","2":"type-product","3":"status-publish","4":"has-post-thumbnail","6":"product_cat-akcija","7":"product_cat-beletristika","8":"product_cat-knjige","10":"first","11":"instock","12":"sale","13":"taxable","14":"shipping-taxable","15":"purchasable","16":"product-type-simple"},"aioseo_notices":[],"_links":{"self":[{"href":"https:\/\/megalicdb.rs\/index.php?rest_route=\/wp\/v2\/product\/33306","targetHints":{"allow":["GET"]}}],"collection":[{"href":"https:\/\/megalicdb.rs\/index.php?rest_route=\/wp\/v2\/product"}],"about":[{"href":"https:\/\/megalicdb.rs\/index.php?rest_route=\/wp\/v2\/types\/product"}],"replies":[{"embeddable":true,"href":"https:\/\/megalicdb.rs\/index.php?rest_route=%2Fwp%2Fv2%2Fcomments&post=33306"}],"version-history":[{"count":1,"href":"https:\/\/megalicdb.rs\/index.php?rest_route=\/wp\/v2\/product\/33306\/revisions"}],"predecessor-version":[{"id":33308,"href":"https:\/\/megalicdb.rs\/index.php?rest_route=\/wp\/v2\/product\/33306\/revisions\/33308"}],"wp:featuredmedia":[{"embeddable":true,"href":"https:\/\/megalicdb.rs\/index.php?rest_route=\/wp\/v2\/media\/33307"}],"wp:attachment":[{"href":"https:\/\/megalicdb.rs\/index.php?rest_route=%2Fwp%2Fv2%2Fmedia&parent=33306"}],"wp:term":[{"taxonomy":"product_brand","embeddable":true,"href":"https:\/\/megalicdb.rs\/index.php?rest_route=%2Fwp%2Fv2%2Fproduct_brand&post=33306"},{"taxonomy":"product_cat","embeddable":true,"href":"https:\/\/megalicdb.rs\/index.php?rest_route=%2Fwp%2Fv2%2Fproduct_cat&post=33306"},{"taxonomy":"product_tag","embeddable":true,"href":"https:\/\/megalicdb.rs\/index.php?rest_route=%2Fwp%2Fv2%2Fproduct_tag&post=33306"}],"curies":[{"name":"wp","href":"https:\/\/api.w.org\/{rel}","templated":true}]}}