{"id":33312,"date":"2025-07-10T06:35:47","date_gmt":"2025-07-10T06:35:47","guid":{"rendered":"https:\/\/megalicdb.rs\/?post_type=product&#038;p=33312"},"modified":"2025-07-10T06:35:47","modified_gmt":"2025-07-10T06:35:47","slug":"velika-knjiga-pitanja-zasto-kako","status":"publish","type":"product","link":"https:\/\/megalicdb.rs\/?product=velika-knjiga-pitanja-zasto-kako","title":{"rendered":"Velika knjiga pitanja &#8211; Za\u0161to? Kako?"},"content":{"rendered":"<p>Kako se hrane biljke? Za\u0161to Sunce sija? Kako radi baterijska lampa?<\/p>\n<p>Potra\u017eite odgovore na ova i mnoga druga pitanja iz razli\u010ditih oblasti u ovoj fantasti\u010dnoj knjizi! Otkrijte neverovatne informacije o svemiru, Zemlji, \u017eivotinjama, ljudskom telu, zdravlju i \u017eivotnoj sredini. Re\u0161avajte mozgalice, u\u017eivajte u vicevima i zabavite se u\u010de\u0107i o neverovatnom svetu koji nas okru\u017euje.<\/p>\n","protected":false},"excerpt":{"rendered":"<p>Kako se hrane biljke? Za\u0161to Sunce sija? Kako radi baterijska lampa? Potra\u017eite odgovore na ova i mnoga druga pitanja iz<\/p>\n","protected":false},"featured_media":33313,"comment_status":"open","ping_status":"closed","template":"","meta":[],"product_brand":[],"product_cat":[411,324,343],"product_tag":[],"class_list":{"0":"post-33312","1":"product","2":"type-product","3":"status-publish","4":"has-post-thumbnail","6":"product_cat-akcija","7":"product_cat-knjige","8":"product_cat-knjizevnost-za-decu","10":"first","11":"instock","12":"sale","13":"taxable","14":"shipping-taxable","15":"purchasable","16":"product-type-simple"},"aioseo_notices":[],"_links":{"self":[{"href":"https:\/\/megalicdb.rs\/index.php?rest_route=\/wp\/v2\/product\/33312","targetHints":{"allow":["GET"]}}],"collection":[{"href":"https:\/\/megalicdb.rs\/index.php?rest_route=\/wp\/v2\/product"}],"about":[{"href":"https:\/\/megalicdb.rs\/index.php?rest_route=\/wp\/v2\/types\/product"}],"replies":[{"embeddable":true,"href":"https:\/\/megalicdb.rs\/index.php?rest_route=%2Fwp%2Fv2%2Fcomments&post=33312"}],"version-history":[{"count":1,"href":"https:\/\/megalicdb.rs\/index.php?rest_route=\/wp\/v2\/product\/33312\/revisions"}],"predecessor-version":[{"id":33314,"href":"https:\/\/megalicdb.rs\/index.php?rest_route=\/wp\/v2\/product\/33312\/revisions\/33314"}],"wp:featuredmedia":[{"embeddable":true,"href":"https:\/\/megalicdb.rs\/index.php?rest_route=\/wp\/v2\/media\/33313"}],"wp:attachment":[{"href":"https:\/\/megalicdb.rs\/index.php?rest_route=%2Fwp%2Fv2%2Fmedia&parent=33312"}],"wp:term":[{"taxonomy":"product_brand","embeddable":true,"href":"https:\/\/megalicdb.rs\/index.php?rest_route=%2Fwp%2Fv2%2Fproduct_brand&post=33312"},{"taxonomy":"product_cat","embeddable":true,"href":"https:\/\/megalicdb.rs\/index.php?rest_route=%2Fwp%2Fv2%2Fproduct_cat&post=33312"},{"taxonomy":"product_tag","embeddable":true,"href":"https:\/\/megalicdb.rs\/index.php?rest_route=%2Fwp%2Fv2%2Fproduct_tag&post=33312"}],"curies":[{"name":"wp","href":"https:\/\/api.w.org\/{rel}","templated":true}]}}